{"id":294,"date":"2023-07-15T23:03:53","date_gmt":"2023-07-15T21:03:53","guid":{"rendered":"http:\/\/fernandocasanova.com\/web\/?page_id=294"},"modified":"2023-07-15T23:10:24","modified_gmt":"2023-07-15T21:10:24","slug":"fer","status":"publish","type":"page","link":"http:\/\/fernandocasanova.com\/web\/fer\/","title":{"rendered":"SOBRE M\u00cd"},"content":{"rendered":"<p><strong>2023<\/strong><\/p>\n<p>Aqu\u00ed ir\u00e9 poniendo publicaciones variadas sobre m\u00ed<\/p>\n<p>Algo sobre m\u00ed en mi otra web: <span style=\"text-decoration: underline;\"><a href=\"http:\/\/euroexitos.es\/radio\/fercasanova\/\" target=\"_blank\" rel=\"noopener\"><em><strong>http:\/\/euroexitos.es\/radio\/fercasanova\/<\/strong><\/em><\/a><\/span><\/p>\n<p>+++++++++++++++<\/p>\n<p><strong>ENTREVISTA DE YELITZA MARTINEZ (VENEZUELA)<\/strong><\/p>\n<p><iframe src=\"https:\/\/podcasters.spotify.com\/pod\/show\/yelitza-martinez\/embed\/episodes\/Emprender-como-forma-de-Vida-con-Fernando-Casanova-e23m8vs\/a-a9q1ge8\" width=\"400px\" height=\"102px\" frameborder=\"0\" scrolling=\"no\"><\/iframe><\/p>\n","protected":false},"excerpt":{"rendered":"<p>2023 Aqu\u00ed ir\u00e9 poniendo publicaciones variadas sobre m\u00ed Algo sobre m\u00ed en mi otra web: http:\/\/euroexitos.es\/radio\/fercasanova\/ +++++++++++++++ ENTREVISTA DE YELITZA MARTINEZ (VENEZUELA)<\/p>\n","protected":false},"author":1,"featured_media":0,"parent":0,"menu_order":0,"comment_status":"closed","ping_status":"closed","template":"fullwidth.php","meta":[],"_links":{"self":[{"href":"http:\/\/fernandocasanova.com\/web\/wp-json\/wp\/v2\/pages\/294"}],"collection":[{"href":"http:\/\/fernandocasanova.com\/web\/wp-json\/wp\/v2\/pages"}],"about":[{"href":"http:\/\/fernandocasanova.com\/web\/wp-json\/wp\/v2\/types\/page"}],"author":[{"embeddable":true,"href":"http:\/\/fernandocasanova.com\/web\/wp-json\/wp\/v2\/users\/1"}],"replies":[{"embeddable":true,"href":"http:\/\/fernandocasanova.com\/web\/wp-json\/wp\/v2\/comments?post=294"}],"version-history":[{"count":3,"href":"http:\/\/fernandocasanova.com\/web\/wp-json\/wp\/v2\/pages\/294\/revisions"}],"predecessor-version":[{"id":299,"href":"http:\/\/fernandocasanova.com\/web\/wp-json\/wp\/v2\/pages\/294\/revisions\/299"}],"wp:attachment":[{"href":"http:\/\/fernandocasanova.com\/web\/wp-json\/wp\/v2\/media?parent=294"}],"curies":[{"name":"wp","href":"https:\/\/api.w.org\/{rel}","templated":true}]}}