{"id":15,"date":"2016-03-26T22:26:28","date_gmt":"2016-03-26T22:26:28","guid":{"rendered":"http:\/\/fernandocasanova.com\/web\/?page_id=15"},"modified":"2023-07-15T23:10:02","modified_gmt":"2023-07-15T21:10:02","slug":"dj-intro","status":"publish","type":"page","link":"http:\/\/fernandocasanova.com\/web\/dj-intro\/","title":{"rendered":"INTROS  DJ"},"content":{"rendered":"<h3><img loading=\"lazy\" class=\"aligncenter wp-image-32 size-full\" src=\"http:\/\/fernandocasanova.com\/web\/wp-content\/uploads\/2016\/03\/djintrobanner.jpg\" alt=\"djintrobanner\" width=\"1599\" height=\"400\" srcset=\"http:\/\/fernandocasanova.com\/web\/wp-content\/uploads\/2016\/03\/djintrobanner.jpg 1599w, http:\/\/fernandocasanova.com\/web\/wp-content\/uploads\/2016\/03\/djintrobanner-300x75.jpg 300w, http:\/\/fernandocasanova.com\/web\/wp-content\/uploads\/2016\/03\/djintrobanner-768x192.jpg 768w, http:\/\/fernandocasanova.com\/web\/wp-content\/uploads\/2016\/03\/djintrobanner-1024x256.jpg 1024w\" sizes=\"(max-width: 1599px) 100vw, 1599px\" \/><\/h3>\n<h3>Desde hace a\u00f1os vengo realizando una de las tareas que m\u00e1s me gusta: la grabaci\u00f3n de intros y voces para DJs<\/h3>\n<h3>Precios a partir de solo 20 euros\/d\u00f3lares<\/h3>\n<h3>Aqui tienes algunos ejemplos<\/h3>\n<p><strong><a href=\"http:\/\/fernandocasanova.com\/web\/audios\/introBLACK.mp3\">Discoteca Black Ecija, Espa\u00f1a<\/a>\u00a0<\/strong><strong><a href=\"http:\/\/fernandocasanova.com\/web\/audios\/hitclubbing1.mp3\">Programa Hit Clubbing<\/a>\u00a0<\/strong><a href=\"http:\/\/fernandocasanova.com\/web\/audios\/friscopeonintro.mp3\">Sesi\u00f3n DJ Frisco y Marcos Pe\u00f3n<\/a>\u00a0<a href=\"http:\/\/fernandocasanova.com\/web\/audios\/djhectorrivera.mp3\">DJ HECTOR RIVERA<\/a><\/p>\n<p><a href=\"http:\/\/fernandocasanova.com\/web\/audios\/botecomixBrasil.mp3\">BotecoMix Brasil<\/a>\u00a0<a href=\"http:\/\/fernandocasanova.com\/web\/audios\/introLuxor.mp3\">INTRO Luxor Dj Kabuki<\/a>\u00a0<a href=\"http:\/\/fernandocasanova.com\/web\/audios\/LocaFm Dj Santi.mp3\">LOCA FM DJ Santi<\/a>\u00a0<a href=\"http:\/\/fernandocasanova.com\/web\/audios\/djNitro-2.mp3\">DJ NITRO intro corta<\/a>\u00a0<a href=\"http:\/\/fernandocasanova.com\/web\/audios\/djborisintro2.mp3\">DJ BORIS<\/a>\u00a0<a href=\"http:\/\/fernandocasanova.com\/web\/audios\/djpablobeatIntroloca1.mp3\">DJ PABLO BEAT<\/a><\/p>\n<p><a href=\"http:\/\/fernandocasanova.com\/web\/audios\/HABITATintro1.mp3\">DISCO HABITAT<\/a>\u00a0<a href=\"http:\/\/fernandocasanova.com\/web\/audios\/INTRO ALBERTO DJ.mp3\">DJ ALBERTO GARCIA aka RIVERO<\/a>\u00a0<a href=\"http:\/\/fernandocasanova.com\/web\/audios\/intromuinos2012.mp3\">INTRO FESTIVAL DANCE<\/a>\u00a0<a href=\"http:\/\/fernandocasanova.com\/web\/audios\/sohoIntro2007-1.mp3\">INTRO SOHO<\/a><\/p>\n<h2 style=\"text-align: center;\"><strong>VOCES PARA SESIONES DE DJ<\/strong><\/h2>\n<p style=\"text-align: left;\"><a href=\"http:\/\/fernandocasanova.com\/web\/audios\/mezclando-listen.mp3\">MEZCLANDO MIGUEL MARTIN<\/a>\u00a0\u00a0<a href=\"http:\/\/fernandocasanova.com\/web\/audios\/EslamusicaDE1.mp3\">ES LA MUSICA DE&#8230;<\/a>\u00a0<a href=\"http:\/\/fernandocasanova.com\/web\/audios\/phatBase.mp3\">IN DA MIX<\/a><\/p>\n<h3 style=\"text-align: center;\">Quieres una intro o voces para tus sesiones? <a href=\"http:\/\/fernandocasanova.com\/web\/contacto\/\">contacta<\/a><\/h3>\n","protected":false},"excerpt":{"rendered":"<p>Desde hace a\u00f1os vengo realizando una de las tareas que m\u00e1s me gusta: la grabaci\u00f3n de intros y voces para DJs Precios a partir de solo 20 euros\/d\u00f3lares Aqui tienes algunos ejemplos Discoteca Black Ecija, Espa\u00f1a\u00a0Programa Hit Clubbing\u00a0Sesi\u00f3n DJ Frisco y Marcos Pe\u00f3n\u00a0DJ HECTOR RIVERA BotecoMix Brasil\u00a0INTRO Luxor Dj Kabuki\u00a0LOCA FM DJ Santi\u00a0DJ NITRO intro [&hellip;]<\/p>\n","protected":false},"author":1,"featured_media":0,"parent":0,"menu_order":0,"comment_status":"closed","ping_status":"closed","template":"fullwidth.php","meta":[],"_links":{"self":[{"href":"http:\/\/fernandocasanova.com\/web\/wp-json\/wp\/v2\/pages\/15"}],"collection":[{"href":"http:\/\/fernandocasanova.com\/web\/wp-json\/wp\/v2\/pages"}],"about":[{"href":"http:\/\/fernandocasanova.com\/web\/wp-json\/wp\/v2\/types\/page"}],"author":[{"embeddable":true,"href":"http:\/\/fernandocasanova.com\/web\/wp-json\/wp\/v2\/users\/1"}],"replies":[{"embeddable":true,"href":"http:\/\/fernandocasanova.com\/web\/wp-json\/wp\/v2\/comments?post=15"}],"version-history":[{"count":12,"href":"http:\/\/fernandocasanova.com\/web\/wp-json\/wp\/v2\/pages\/15\/revisions"}],"predecessor-version":[{"id":298,"href":"http:\/\/fernandocasanova.com\/web\/wp-json\/wp\/v2\/pages\/15\/revisions\/298"}],"wp:attachment":[{"href":"http:\/\/fernandocasanova.com\/web\/wp-json\/wp\/v2\/media?parent=15"}],"curies":[{"name":"wp","href":"https:\/\/api.w.org\/{rel}","templated":true}]}}